{"id":2,"date":"2020-06-09T02:42:48","date_gmt":"2020-06-09T02:42:48","guid":{"rendered":"http:\/\/dainafonseca.com.br\/?page_id=2"},"modified":"2025-01-18T12:04:16","modified_gmt":"2025-01-18T15:04:16","slug":"home","status":"publish","type":"page","link":"https:\/\/dainafonseca.com.br\/","title":{"rendered":"Home"},"content":{"rendered":"<div class=\"wpb-content-wrapper\"><p>[vc_row full_width=&#8221;stretch_row_content_no_spaces&#8221;][vc_column][vc_images_carousel images=&#8221;616,617&#8243; img_size=&#8221;full&#8221; onclick=&#8221;link_no&#8221; autoplay=&#8221;yes&#8221; wrap=&#8221;yes&#8221;][\/vc_column][\/vc_row][vc_row css=&#8221;.vc_custom_1737212418136{margin-top: 40px !important;margin-bottom: 40px !important;}&#8221;][vc_column width=&#8221;1\/2&#8243;][vc_custom_heading text=&#8221;QUEM SOMOS&#8221; font_container=&#8221;tag:p|text_align:left&#8221; use_theme_fonts=&#8221;yes&#8221; el_class=&#8221;mb-0&#8243;][vc_custom_heading text=&#8221;Daina Fonseca Isen\u00e7\u00f5es Consultoria, \u00e9 uma empresa criada pela sua Diretora Comercial Daina Cristine da Fonseca , que atua no mercado automotivo desde 2005 em Fernand\u00f3polis interior de S\u00e3o Paulo.&#8221; font_container=&#8221;tag:h2|font_size:1.8em|text_align:left|line_height:1&#8243; use_theme_fonts=&#8221;yes&#8221; font_weight=&#8221;300&#8243; el_class=&#8221;mb-2&#8243;][vc_custom_heading text=&#8221;Temos o prop\u00f3sito de prestar servi\u00e7os as associa\u00e7\u00f5es, concession\u00e1rias e pessoas f\u00edsicas, auxiliando as pessoas com necessidades especiais em todas as etapas na compra de ve\u00edculo com isen\u00e7\u00f5es, desde a escolha do ve\u00edculo e marca ideal, bem como todos os tr\u00e2mites necess\u00e1rios para que a pessoa com defici\u00eancia possa obter descontos e isen\u00e7\u00f5es de impostos, oferecidos pelo governo e pelas montadoras.&#8221; font_container=&#8221;tag:p|font_size:17px|text_align:left&#8221; use_theme_fonts=&#8221;yes&#8221; font_weight=&#8221;400&#8243;][vc_custom_heading text=&#8221;Isen\u00e7\u00e3o e Restitui\u00e7\u00e3o de Imposto de renda para aposentados, pensionistas ou reforma e benefici\u00e1rios de previd\u00eancias provadas , que possui mol\u00e9stia grave.&#8221; font_container=&#8221;tag:p|font_size:17px|text_align:left&#8221; use_theme_fonts=&#8221;yes&#8221; font_weight=&#8221;400&#8243;][vc_custom_heading text=&#8221;Oferecemos tamb\u00e9m assessoria jur\u00eddica em casos de indeferimentos das isen\u00e7\u00f5es.&#8221; font_container=&#8221;tag:p|font_size:17px|text_align:left&#8221; use_theme_fonts=&#8221;yes&#8221; font_weight=&#8221;400&#8243;][vc_custom_heading text=&#8221;Possu\u00edmos profissionais competentes que vem facilitando todo esse processo, agilizando e viabilizando toda a burocracia junto aos \u00f3rg\u00e3os competentes.&#8221; font_container=&#8221;tag:p|font_size:17px|text_align:left&#8221; use_theme_fonts=&#8221;yes&#8221; font_weight=&#8221;400&#8243;][\/vc_column][vc_column width=&#8221;1\/2&#8243;][vc_single_image image=&#8221;902&#8243; img_size=&#8221;full&#8221; css=&#8221;&#8221; label=&#8221;&#8221;][\/vc_column][\/vc_row][vc_row wrap_container=&#8221;yes&#8221; css=&#8221;.vc_custom_1599516275266{padding-top: 50px !important;background-color: #f7f7f7 !important;}&#8221; el_id=&#8221;veiculos&#8221;][vc_column][vc_custom_heading text=&#8221;REALIZE SEU SONHO!&#8221; font_container=&#8221;tag:p|text_align:left&#8221; use_theme_fonts=&#8221;yes&#8221; el_class=&#8221;mb-0&#8243;][vc_custom_heading text=&#8221;Ve\u00edculos 0km com desconto de at\u00e9 30%.&#8221; font_container=&#8221;tag:h2|font_size:2em|text_align:left|color:%2393033e|line_height:1&#8243; use_theme_fonts=&#8221;yes&#8221; font_weight=&#8221;500&#8243; el_class=&#8221;mb-2&#8243;][\/vc_column][\/vc_row][vc_row css=&#8221;.vc_custom_1685155774974{background-color: #f7f7f7 !important;}&#8221;][vc_column][vc_images_carousel images=&#8221;903,904,905,906,907,908,909,910,911,912,913,914,915,916&#8243; img_size=&#8221;full&#8221; slides_per_view=&#8221;5&#8243; wrap=&#8221;yes&#8221; css=&#8221;&#8221;][\/vc_column][\/vc_row][vc_row wrap_container=&#8221;yes&#8221; el_class=&#8221;py-5&#8243; css=&#8221;.vc_custom_1599441689206{background-color: #ffffff !important;}&#8221;][vc_column][vc_custom_heading text=&#8221;MARCAS&#8221; font_container=&#8221;tag:p|text_align:center&#8221; use_theme_fonts=&#8221;yes&#8221; el_class=&#8221;mb-0 mt-lg-4&#8243; animation_type=&#8221;fadeInUp&#8221;][vc_custom_heading text=&#8221;Escolha o ve\u00edculo que preferir&#8221; font_container=&#8221;tag:h2|font_size:1.8em|text_align:center|line_height:1&#8243; use_theme_fonts=&#8221;yes&#8221; css=&#8221;.vc_custom_1599441253933{padding-bottom: 20px !important;}&#8221; font_weight=&#8221;400&#8243; animation_delay=&#8221;100&#8243; el_class=&#8221;mb-2&#8243; animation_type=&#8221;fadeInUp&#8221;][vc_images_carousel images=&#8221;664,665,667,668,669,670,671,672,673,674,675,676,681,666&#8243; img_size=&#8221;full&#8221; onclick=&#8221;link_no&#8221; speed=&#8221;3000&#8243; slides_per_view=&#8221;7&#8243; autoplay=&#8221;yes&#8221; hide_pagination_control=&#8221;yes&#8221; wrap=&#8221;yes&#8221; el_class=&#8221;text-center mb-4 pb-lg-2&#8243;][\/vc_column][\/vc_row][vc_row wrap_container=&#8221;yes&#8221; el_class=&#8221;py-5&#8243; css=&#8221;.vc_custom_1599516298581{background-color: #f7f7f7 !important;}&#8221; el_id=&#8221;comofunciona&#8221;][vc_column][vc_tta_tabs color=&#8221;white&#8221; alignment=&#8221;center&#8221; active_section=&#8221;1&#8243;][vc_tta_section title=&#8221;PARA ISENCAO DE IMPOSTOS PARA COMPRA DE VEICULO, OU ISENCAO DE IPVA PARA VEICULO SEMI NOVO:&#8221; tab_id=&#8221;1613580707236-111fbdc5-ece3&#8243;][vc_custom_heading text=&#8221;PACIENTE TERA QUE PASSAR POR PERICIA MEDICA , PARA SABER SE POSSUI ENQUADRAMENTO PARA O BENEFICIO LEI N\u00ba 8.989 &#8211; APOS APROVACAO DA PERICIA MEDICA, TERA BENEFICIO PACIENTES QUE POSSUI CNH E QUE NAO POSSUI CNH.&#8221; font_container=&#8221;tag:p|font_size:17px|text_align:left&#8221; use_theme_fonts=&#8221;yes&#8221; font_weight=&#8221;400&#8243;][\/vc_tta_section][\/vc_tta_tabs][vc_tta_tabs color=&#8221;white&#8221; alignment=&#8221;center&#8221; active_section=&#8221;1&#8243;][vc_tta_section title=&#8221;Para beneficio de isen\u00e7\u00e3o de impostos para veiculo &#8211; Defici\u00eancia visual:&#8221; tab_id=&#8221;1685156154489-af0e9993-2b5c&#8221;][vc_column_text]<strong>Pessoas Cegas<\/strong><br \/>\n<strong>Pessoas com Baixa Vis\u00e3o<\/strong><br \/>\n<strong>Pessoa com Vis\u00e3o Monocular<\/strong><br \/>\n<strong>Defici\u00eancia auditiva:<br \/>\n<\/strong><em>Pessoa com perda da audi\u00e7\u00e3o bilateral;<\/em><br \/>\n<em>Pessoa com perda da audi\u00e7\u00e3o parcial;<\/em><br \/>\n<em>Pessoa com perda da audi\u00e7\u00e3o total;<\/em><br \/>\n<strong>Defici\u00eancia f\u00edsica:<br \/>\n<\/strong>Embora este n\u00e3o seja o termo mais correto para utilizar, entendemos que a defici\u00eancia f\u00edsica \u00e9 toda aquela que compreende limita\u00e7\u00f5es nos movimentos, ou altera\u00e7\u00e3o parcial ou completa de um ou mais segmentos do corpo humano. Por\u00e9m, o termo defici\u00eancia f\u00edsica abrange todas as defici\u00eancias, inclusive as intelectuais, vez que a palavra f\u00edsica est\u00e1 ligada \u00e0 fisiologia, ou seja, todo o corpo \u00e9 \u201cf\u00edsico\u201d, e todas as defici\u00eancia est\u00e3o abrangidas no corpo.<\/p>\n<p><em>Paraplegia;<\/em><br \/>\n<em>Paraparesia;<\/em><br \/>\n<em>Monoplegia;<\/em><br \/>\n<em>Monoparesia;<\/em><br \/>\n<em>Tetraplegia;<\/em><br \/>\n<em>Tetraparesia;<\/em><br \/>\n<em>Triplegia;<\/em><br \/>\n<em>Triparesia;<\/em><br \/>\n<em>Hemiplegia;<\/em><br \/>\n<em>Hemiparesia;<\/em><br \/>\n<em>Ostomia;<\/em><br \/>\n<em>Aus\u00eancia de um membro;<\/em><br \/>\n<em>Nanismo;<\/em><br \/>\n<em>Paralisia cerebral;<\/em><br \/>\n<em>Membros com deformidade adquirida ou cong\u00eanita. Deformidades est\u00e9ticas n\u00e3o se enquadram pois n\u00e3o apresentam dificuldades no desempenho das fun\u00e7\u00f5es.<\/em><\/p>\n<p><strong>Defici\u00eancia intelectual:<\/strong><br \/>\n<em>S\u00edndrome do X fr\u00e1gil;<\/em><br \/>\n<em>S\u00edndrome de down;<\/em><br \/>\n<em>S\u00edndrome de Rett;<\/em><br \/>\n<em>Discalculia;<\/em><br \/>\n<em>S\u00edndrome do \u00e1lcool fetal;<\/em><br \/>\n<em>Erros inatos do metabolismo;<\/em><br \/>\n<em>Transtorno do Espectro Autista.<\/em><strong><br \/>\n<\/strong><br \/>\n<strong>Defici\u00eancia m\u00faltipla:<\/strong><\/p>\n<p><em>\u00c9 a associa\u00e7\u00e3o de duas ou mais defici\u00eancias em uma pessoa.<\/em><br \/>\n<em>Mobilidade reduzida:<\/em><\/p>\n<p><em>Diz respeito \u00e0s pessoas que n\u00e3o apresentam nenhum tipo de defici\u00eancia, mas que, por algum motivo tenham dificuldade de se movimentar, podendo ser por uma causa transit\u00f3ria ou permanente, gerando redu\u00e7\u00e3o na mobilidade e flexibilidade, bem como na coordena\u00e7\u00e3o motora e cognitiva.<\/em><br \/>\n<em>\u00c9 importante ressaltar que, embora a legisla\u00e7\u00e3o abranja esses tipos de defici\u00eancia, todas elas devem ser respaldadas a partir de laudos m\u00e9dicos que aufiram seu enquadramento dentro das hip\u00f3teses elencadas. Por exemplo, apenas a partir de laudo m\u00e9dico podemos descobrir se uma pessoa tem aus\u00eancia de audi\u00e7\u00e3o total, ou parcial, pois \u00e9 medido atrav\u00e9s de audiograma em determinadas frequ\u00eancias de Hz.<\/em>[\/vc_column_text][\/vc_tta_section][\/vc_tta_tabs][vc_tta_tabs color=&#8221;white&#8221; alignment=&#8221;center&#8221; active_section=&#8221;1&#8243;][vc_tta_section title=&#8221;IMPOSTO DE RENDA &#8211; Isen\u00e7\u00e3o e Restitui\u00e7\u00e3o&#8221; tab_id=&#8221;1685156414839-ee963ff0-2973&#8243;][vc_column_text]PARA ISENCAO E RESTITUICAO DE IPVA : A Lei n. 7.713\/88 estabelece a Isen\u00e7\u00e3o do Imposto de Renda aos aposentados, pensionistas e benefici\u00e1rios de previd\u00eancias privadas que sejam portadores das 18 doen\u00e7as graves. ( Para aprova\u00e7\u00e3o precisar\u00e1 de relat\u00f3rios m\u00e9dicos )<\/p>\n<p><strong>Doen\u00e7as:<\/strong><\/p>\n<p><em>Aliena\u00e7\u00e3o mental.<\/em><br \/>\n<em>Oste\u00edte deformante.<\/em><br \/>\n<em>Tuberculose ativa.<\/em><br \/>\n<em>Hansen\u00edase.<\/em><br \/>\n<em>AIDS.<\/em><br \/>\n<em>Neoplasia maligna (c\u00e2ncer).<\/em><br \/>\n<em>Doen\u00e7a de Parkinson.<\/em><br \/>\n<em>Paralisia Irrevers\u00edvel e Incapacitante.<\/em><br \/>\n<em>Contamina\u00e7\u00e3o por radia\u00e7\u00e3o.<\/em><br \/>\n<em>Cardiopatia grave.<\/em><br \/>\n<em>Espondiloartrose anquilosante.<\/em><br \/>\n<em>Fibrose C\u00edstica.<\/em><br \/>\n<em>Cegueira (inclusive monocular).<\/em><br \/>\n<em>Hepatopatia grave.<\/em><br \/>\n<em>Esclerose M\u00faltipla.<\/em><br \/>\n<em>Nefropatia Grave.<\/em>[\/vc_column_text][\/vc_tta_section][\/vc_tta_tabs][\/vc_column][\/vc_row][vc_row css=&#8221;.vc_custom_1685155070477{margin-bottom: 20px !important;padding-top: 60px !important;padding-right: 50px !important;padding-left: 50px !important;}&#8221; el_id=&#8221;contato&#8221;][vc_column][vc_custom_heading text=&#8221;CONTATO&#8221; font_container=&#8221;tag:p|text_align:center&#8221; use_theme_fonts=&#8221;yes&#8221; el_class=&#8221;mb-0&#8243; animation_type=&#8221;fadeInUp&#8221;][vc_custom_heading text=&#8221;Envie sua solicita\u00e7\u00e3o!&#8221; font_container=&#8221;tag:h2|font_size:1.8em|text_align:center|line_height:1&#8243; use_theme_fonts=&#8221;yes&#8221; css=&#8221;.vc_custom_1599497230486{padding-bottom: 30px !important;}&#8221; font_weight=&#8221;400&#8243; animation_delay=&#8221;100&#8243; el_class=&#8221;mb-2&#8243; animation_type=&#8221;fadeInUp&#8221;][vc_raw_html]JTVCY29udGFjdC1mb3JtLTclMjBpZCUzRCUyMjMxMCUyMiUyMHRpdGxlJTNEJTIyQ29udGFjdCUyMFVzJTIyJTVE[\/vc_raw_html][\/vc_column][\/vc_row][vc_row full_width=&#8221;stretch_row_content_no_spaces&#8221;][vc_column][vc_raw_html]JTNDaWZyYW1lJTIwc3JjJTNEJTIyaHR0cHMlM0ElMkYlMkZ3d3cuZ29vZ2xlLmNvbSUyRm1hcHMlMkZlbWJlZCUzRnBiJTNEJTIxMW0xNCUyMTFtOCUyMTFtMyUyMTFkMTQ5NzAuMTk2OTI2Njc3NTA3JTIxMmQtNTAuMjU0MjAyNCUyMTNkLTIwLjI3NzUyMTIlMjEzbTIlMjExaTEwMjQlMjEyaTc2OCUyMTRmMTMuMSUyMTNtMyUyMTFtMiUyMTFzMHg5NDk3ZjcxYjU4YjQ3YThkJTI1M0EweDFkM2YwNjVmNjMxODQ0ZGElMjEyc0RhaW5hJTI1MjBGb25zZWNhJTI1MjBJc2VuJTI1QzMlMjVBNyUyNUMzJTI1QjVlcyUyMTVlMCUyMTNtMiUyMTFzcHQtQlIlMjEyc2JyJTIxNHYxNjg1MTUzNjU1NzM0JTIxNW0yJTIxMXNwdC1CUiUyMTJzYnIlMjIlMjB3aWR0aCUzRCUyMjEwMCUyNSUyMiUyMGhlaWdodCUzRCUyMjQ1MCUyMiUyMHN0eWxlJTNEJTIyYm9yZGVyJTNBMCUzQiUyMiUyMGFsbG93ZnVsbHNjcmVlbiUzRCUyMiUyMiUyMGxvYWRpbmclM0QlMjJsYXp5JTIyJTIwcmVmZXJyZXJwb2xpY3klM0QlMjJuby1yZWZlcnJlci13aGVuLWRvd25ncmFkZSUyMiUzRSUzQyUyRmlmcmFtZSUzRQ==[\/vc_raw_html][\/vc_column][\/vc_row]<\/p>\n<\/div>","protected":false},"excerpt":{"rendered":"<p>[vc_row full_width=&#8221;stretch_row_content_no_spaces&#8221;][vc_column][vc_images_carousel images=&#8221;616,617&#8243; img_size=&#8221;full&#8221; onclick=&#8221;link_no&#8221; autoplay=&#8221;yes&#8221; wrap=&#8221;yes&#8221;][\/vc_column][\/vc_row][vc_row css=&#8221;.vc_custom_1737212418136{margin-top: 40px !important;margin-bottom: 40px !important;}&#8221;][vc_column width=&#8221;1\/2&#8243;][vc_custom_heading text=&#8221;QUEM SOMOS&#8221; font_container=&#8221;tag:p|text_align:left&#8221; use_theme_fonts=&#8221;yes&#8221; el_class=&#8221;mb-0&#8243;][vc_custom_heading text=&#8221;Daina Fonseca Isen\u00e7\u00f5es Consultoria, \u00e9 uma empresa criada pela sua Diretora Comercial Daina Cristine da Fonseca , que atua no mercado automotivo desde 2005 em Fernand\u00f3polis interior de S\u00e3o Paulo.&#8221; font_container=&#8221;tag:h2|font_size:1.8em|text_align:left|line_height:1&#8243; use_theme_fonts=&#8221;yes&#8221; font_weight=&#8221;300&#8243; el_class=&#8221;mb-2&#8243;][vc_custom_heading text=&#8221;Temos o prop\u00f3sito [&hellip;]<\/p>\n","protected":false},"author":1,"featured_media":0,"parent":0,"menu_order":0,"comment_status":"closed","ping_status":"closed","template":"","meta":{"footnotes":""},"class_list":["post-2","page","type-page","status-publish","hentry"],"_links":{"self":[{"href":"https:\/\/dainafonseca.com.br\/index.php?rest_route=\/wp\/v2\/pages\/2","targetHints":{"allow":["GET"]}}],"collection":[{"href":"https:\/\/dainafonseca.com.br\/index.php?rest_route=\/wp\/v2\/pages"}],"about":[{"href":"https:\/\/dainafonseca.com.br\/index.php?rest_route=\/wp\/v2\/types\/page"}],"author":[{"embeddable":true,"href":"https:\/\/dainafonseca.com.br\/index.php?rest_route=\/wp\/v2\/users\/1"}],"replies":[{"embeddable":true,"href":"https:\/\/dainafonseca.com.br\/index.php?rest_route=%2Fwp%2Fv2%2Fcomments&post=2"}],"version-history":[{"count":0,"href":"https:\/\/dainafonseca.com.br\/index.php?rest_route=\/wp\/v2\/pages\/2\/revisions"}],"wp:attachment":[{"href":"https:\/\/dainafonseca.com.br\/index.php?rest_route=%2Fwp%2Fv2%2Fmedia&parent=2"}],"curies":[{"name":"wp","href":"https:\/\/api.w.org\/{rel}","templated":true}]}}